{"id":2380,"date":"2019-04-02T15:52:23","date_gmt":"2019-04-02T13:52:23","guid":{"rendered":"https:\/\/www.hotelnordest.com\/servizi\/"},"modified":"2019-05-31T12:54:52","modified_gmt":"2019-05-31T10:54:52","slug":"services","status":"publish","type":"page","link":"https:\/\/www.hotelnordest.com\/fr\/services\/","title":{"rendered":"Services 4 \u00e9toiles!"},"content":{"rendered":"<h2>H\u00f4tel avec parking et garage\u2026<\/h2>\n<h3><mark>Ici vous avez de nombreux services disponibles, pour un v\u00e9ritable s\u00e9jour plein de confort:<\/mark><\/h3>\n<div class=\"row row-columns\">\n<div class=\"col-sm-6\">\n<ul>\n<li>Sur la mer avec acc\u00e8s direct \u00e0 la plage et au centre de la promenade de Via Carducci.<\/li>\n<li>Compl\u00e8tement climatis\u00e9 chaud et froid.<\/li>\n<li>Chambres confortables avec climatisation, salle de bains, s\u00e8che-cheveux, t\u00e9l\u00e9phone, minibar, TV-sat, coffre-fort et balcon.<\/li>\n<li>Restaurant climatis\u00e9 avec vue panoramique sur la mer.<\/li>\n<li>Riches menus au choix, \u00e0 base de viande et poisson; buffets de salades et hors-d\u2019oeuvre \u00e0 chaque repas.<\/li>\n<li>Menus pour enfants et pour coeliaques.<\/li>\n<li>Petit d\u00e9jeuner avec buffet servi sur la terrasse panoramique donnant sur la mer.<\/li>\n<li>Le bar, la salle de s\u00e9jour, et la nouvelle terrasse-jardin sont l\u2019id\u00e9al pour se rencontrer.<\/li>\n<\/ul>\n<\/div>\n<div class=\"col-sm-6\">\n<ul>\n<li>Internet Point et Wi-Fi dans tout l\u2019h\u00f4tel. Garage \u00e0 l\u2019h\u00f4tel sur r\u00e9servation.<\/li>\n<li>Parking priv\u00e9 gratuit.<\/li>\n<li>Piscine chauff\u00e9e avec hydro-massage, dispositif pour nage contre courant et geyser, communiquant avec la plage.<\/li>\n<li>Salle de gym, sauna, solarium UVA et grande terrasse-solarium au dernier \u00e9tage avec transats gratuits. Service de massages sur demande.<\/li>\n<li>V\u00e9los \u00e0 disposition des clients.<\/li>\n<li>Salle TV-Sat, salle de jeux pour enfants et billard.<\/li>\n<li>Court de tennis gratuit \u00e0 quelques pas de l\u2019h\u00f4tel.<\/li>\n<li>Ouvert de mai jusq\u2019\u00e0 septembre.<\/li>\n<\/ul>\n<\/div>\n<\/div>\n<div id='gallery-1' class='gallery galleryid-2380 gallery-columns-3 gallery-size-medium'><figure class='gallery-item'>\n\t\t\t<div class='gallery-icon landscape'>\n\t\t\t\t<a href='https:\/\/www.hotelnordest.com\/fr\/services\/gallery_servizi_img_3846-2\/' data-size=\"1440x960\"><img loading=\"lazy\" decoding=\"async\" width=\"400\" height=\"340\" src=\"https:\/\/www.hotelnordest.com\/wp-content\/uploads\/2019\/04\/gallery_servizi_IMG_3846-400x340.jpg\" class=\"attachment-medium size-medium\" alt=\"Hotel Nord Est Cattolica Bar\" \/><\/a>\n\t\t\t<\/div><\/figure><figure class='gallery-item'>\n\t\t\t<div class='gallery-icon landscape'>\n\t\t\t\t<a href='https:\/\/www.hotelnordest.com\/fr\/services\/gallery_servizi_img_3828-2\/' data-size=\"1440x960\"><img loading=\"lazy\" decoding=\"async\" width=\"400\" height=\"340\" src=\"https:\/\/www.hotelnordest.com\/wp-content\/uploads\/2019\/04\/gallery_servizi_IMG_3828-400x340.jpg\" class=\"attachment-medium size-medium\" alt=\"Hotel Nord Est Cattolica Hall\" \/><\/a>\n\t\t\t<\/div><\/figure><figure class='gallery-item'>\n\t\t\t<div class='gallery-icon landscape'>\n\t\t\t\t<a href='https:\/\/www.hotelnordest.com\/fr\/services\/gallery_servizi_img_3827-2\/' data-size=\"1440x960\"><img loading=\"lazy\" decoding=\"async\" width=\"400\" height=\"340\" src=\"https:\/\/www.hotelnordest.com\/wp-content\/uploads\/2019\/04\/gallery_servizi_IMG_3827-400x340.jpg\" class=\"attachment-medium size-medium\" alt=\"Hotel Nord Est Cattolica Bar\" \/><\/a>\n\t\t\t<\/div><\/figure><figure class='gallery-item'>\n\t\t\t<div class='gallery-icon landscape'>\n\t\t\t\t<a href='https:\/\/www.hotelnordest.com\/fr\/services\/gallery_servizi_img_3826-2\/' data-size=\"1440x960\"><img loading=\"lazy\" decoding=\"async\" width=\"400\" height=\"340\" src=\"https:\/\/www.hotelnordest.com\/wp-content\/uploads\/2019\/04\/gallery_servizi_IMG_3826-400x340.jpg\" class=\"attachment-medium size-medium\" alt=\"Hotel Nord Est Cattolica Bar Hall\" \/><\/a>\n\t\t\t<\/div><\/figure><figure class='gallery-item'>\n\t\t\t<div class='gallery-icon landscape'>\n\t\t\t\t<a href='https:\/\/www.hotelnordest.com\/fr\/services\/gallery_servizi_img_3825-2\/' data-size=\"1440x960\"><img loading=\"lazy\" decoding=\"async\" width=\"400\" height=\"340\" src=\"https:\/\/www.hotelnordest.com\/wp-content\/uploads\/2019\/04\/gallery_servizi_IMG_3825-400x340.jpg\" class=\"attachment-medium size-medium\" alt=\"Hotel Nord Est Cattolica Hall Spazi comuni\" \/><\/a>\n\t\t\t<\/div><\/figure><figure class='gallery-item'>\n\t\t\t<div class='gallery-icon landscape'>\n\t\t\t\t<a href='https:\/\/www.hotelnordest.com\/fr\/services\/gallery_servizi_img_3824-2\/' data-size=\"1440x960\"><img loading=\"lazy\" decoding=\"async\" width=\"400\" height=\"340\" src=\"https:\/\/www.hotelnordest.com\/wp-content\/uploads\/2019\/04\/gallery_servizi_IMG_3824-400x340.jpg\" class=\"attachment-medium size-medium\" alt=\"Hotel Nord Est Cattolica Reception\" \/><\/a>\n\t\t\t<\/div><\/figure><figure class='gallery-item'>\n\t\t\t<div class='gallery-icon landscape'>\n\t\t\t\t<a href='https:\/\/www.hotelnordest.com\/fr\/services\/gallery_servizi_img_3823-2\/' data-size=\"1440x960\"><img loading=\"lazy\" decoding=\"async\" width=\"400\" height=\"340\" src=\"https:\/\/www.hotelnordest.com\/wp-content\/uploads\/2019\/04\/gallery_servizi_IMG_3823-400x340.jpg\" class=\"attachment-medium size-medium\" alt=\"Hotel Nord Est Cattolica Hall Reception\" \/><\/a>\n\t\t\t<\/div><\/figure><figure class='gallery-item'>\n\t\t\t<div class='gallery-icon landscape'>\n\t\t\t\t<a href='https:\/\/www.hotelnordest.com\/fr\/services\/gallery_servizi_img_3845-2\/' data-size=\"1440x960\"><img loading=\"lazy\" decoding=\"async\" width=\"400\" height=\"340\" src=\"https:\/\/www.hotelnordest.com\/wp-content\/uploads\/2019\/04\/gallery_servizi_IMG_3845-400x340.jpg\" class=\"attachment-medium size-medium\" alt=\"Hotel Nord Est Cattolica HALL\" \/><\/a>\n\t\t\t<\/div><\/figure><figure class='gallery-item'>\n\t\t\t<div class='gallery-icon landscape'>\n\t\t\t\t<a href='https:\/\/www.hotelnordest.com\/fr\/services\/gallery_servizi_img_3750-2\/' data-size=\"1440x960\"><img loading=\"lazy\" decoding=\"async\" width=\"400\" height=\"340\" src=\"https:\/\/www.hotelnordest.com\/wp-content\/uploads\/2019\/04\/gallery_servizi_IMG_3750-400x340.jpg\" class=\"attachment-medium size-medium\" alt=\"Hotel 4 stelle Cattolica con palestra\" \/><\/a>\n\t\t\t<\/div><\/figure><figure class='gallery-item'>\n\t\t\t<div class='gallery-icon landscape'>\n\t\t\t\t<a href='https:\/\/www.hotelnordest.com\/fr\/services\/gallery_servizi_img_3747-2\/' data-size=\"1440x960\"><img loading=\"lazy\" decoding=\"async\" width=\"400\" height=\"340\" src=\"https:\/\/www.hotelnordest.com\/wp-content\/uploads\/2019\/04\/gallery_servizi_IMG_3747-400x340.jpg\" class=\"attachment-medium size-medium\" alt=\"Hotel Cattolica con Palestra\" \/><\/a>\n\t\t\t<\/div><\/figure><figure class='gallery-item'>\n\t\t\t<div class='gallery-icon landscape'>\n\t\t\t\t<a href='https:\/\/www.hotelnordest.com\/fr\/services\/gallery_servizi_img_3749-2\/' data-size=\"1440x960\"><img loading=\"lazy\" decoding=\"async\" width=\"400\" height=\"340\" src=\"https:\/\/www.hotelnordest.com\/wp-content\/uploads\/2019\/04\/gallery_servizi_IMG_3749-400x340.jpg\" class=\"attachment-medium size-medium\" alt=\"Hotel Cattolica con attrezzi palestra\" \/><\/a>\n\t\t\t<\/div><\/figure><figure class='gallery-item'>\n\t\t\t<div class='gallery-icon portrait'>\n\t\t\t\t<a href='https:\/\/www.hotelnordest.com\/fr\/services\/gallery_servizi_dsc0784-2\/' data-size=\"958x1440\"><img loading=\"lazy\" decoding=\"async\" width=\"400\" height=\"340\" src=\"https:\/\/www.hotelnordest.com\/wp-content\/uploads\/2019\/04\/gallery_servizi_DSC0784-400x340.jpg\" class=\"attachment-medium size-medium\" alt=\"Hotel Cattolica sul mare\" \/><\/a>\n\t\t\t<\/div><\/figure><figure class='gallery-item'>\n\t\t\t<div class='gallery-icon portrait'>\n\t\t\t\t<a href='https:\/\/www.hotelnordest.com\/fr\/services\/gallery_servizi_img_3862-2\/' data-size=\"960x1440\"><img loading=\"lazy\" decoding=\"async\" width=\"400\" height=\"340\" src=\"https:\/\/www.hotelnordest.com\/wp-content\/uploads\/2019\/04\/gallery_servizi_IMG_3862-400x340.jpg\" class=\"attachment-medium size-medium\" alt=\"Hotel Cattolica vicino alla spiaggia\" \/><\/a>\n\t\t\t<\/div><\/figure><figure class='gallery-item'>\n\t\t\t<div class='gallery-icon portrait'>\n\t\t\t\t<a href='https:\/\/www.hotelnordest.com\/fr\/services\/gallery_servizi_dsc0797-2\/' data-size=\"998x1440\"><img loading=\"lazy\" decoding=\"async\" width=\"400\" height=\"340\" src=\"https:\/\/www.hotelnordest.com\/wp-content\/uploads\/2019\/04\/gallery_servizi_DSC0797-400x340.jpg\" class=\"attachment-medium size-medium\" alt=\"Hotel Cattolica quattro stelle\" \/><\/a>\n\t\t\t<\/div><\/figure><figure class='gallery-item'>\n\t\t\t<div class='gallery-icon landscape'>\n\t\t\t\t<a href='https:\/\/www.hotelnordest.com\/fr\/services\/gallery_servizi_dsc9353-2\/' data-size=\"1440x958\"><img loading=\"lazy\" decoding=\"async\" width=\"400\" height=\"340\" src=\"https:\/\/www.hotelnordest.com\/wp-content\/uploads\/2019\/04\/gallery_servizi_DSC9353-400x340.jpg\" class=\"attachment-medium size-medium\" alt=\"Hotel Nord Est Cattolica Hall\" \/><\/a>\n\t\t\t<\/div><\/figure><figure class='gallery-item'>\n\t\t\t<div class='gallery-icon landscape'>\n\t\t\t\t<a href='https:\/\/www.hotelnordest.com\/fr\/services\/gallery_servizi_dsc9571-2\/' data-size=\"1440x777\"><img loading=\"lazy\" decoding=\"async\" width=\"400\" height=\"340\" src=\"https:\/\/www.hotelnordest.com\/wp-content\/uploads\/2019\/04\/gallery_servizi_DSC9571-400x340.jpg\" class=\"attachment-medium size-medium\" alt=\"Hotel 4 stelle Cattolica\" \/><\/a>\n\t\t\t<\/div><\/figure><figure class='gallery-item'>\n\t\t\t<div class='gallery-icon landscape'>\n\t\t\t\t<a href='https:\/\/www.hotelnordest.com\/fr\/services\/gallery_servizi_dsc9572-2\/' data-size=\"1440x851\"><img loading=\"lazy\" decoding=\"async\" width=\"400\" height=\"340\" src=\"https:\/\/www.hotelnordest.com\/wp-content\/uploads\/2019\/04\/gallery_servizi_DSC9572-400x340.jpg\" class=\"attachment-medium size-medium\" alt=\"Hotel Nord Est Cattolica vista sul mare\" \/><\/a>\n\t\t\t<\/div><\/figure><figure class='gallery-item'>\n\t\t\t<div class='gallery-icon landscape'>\n\t\t\t\t<a href='https:\/\/www.hotelnordest.com\/fr\/services\/gallery_servizi_dsc9579-2\/' data-size=\"1440x711\"><img loading=\"lazy\" decoding=\"async\" width=\"400\" height=\"340\" src=\"https:\/\/www.hotelnordest.com\/wp-content\/uploads\/2019\/04\/gallery_servizi_DSC9579-400x340.jpg\" class=\"attachment-medium size-medium\" alt=\"Hotel Nord Est Cattolica con parcheggio\" \/><\/a>\n\t\t\t<\/div><\/figure><figure class='gallery-item'>\n\t\t\t<div class='gallery-icon landscape'>\n\t\t\t\t<a href='https:\/\/www.hotelnordest.com\/fr\/services\/gallery_servizi_dsc9605-2\/' data-size=\"1440x906\"><img loading=\"lazy\" decoding=\"async\" width=\"400\" height=\"340\" src=\"https:\/\/www.hotelnordest.com\/wp-content\/uploads\/2019\/04\/gallery_servizi_DSC9605-400x340.jpg\" class=\"attachment-medium size-medium\" alt=\"Hotel Nord Est Cattolica con sauna\" \/><\/a>\n\t\t\t<\/div><\/figure><figure class='gallery-item'>\n\t\t\t<div class='gallery-icon landscape'>\n\t\t\t\t<a href='https:\/\/www.hotelnordest.com\/fr\/services\/gallery_servizi_dsc9620-2\/' data-size=\"1440x855\"><img loading=\"lazy\" decoding=\"async\" width=\"400\" height=\"340\" src=\"https:\/\/www.hotelnordest.com\/wp-content\/uploads\/2019\/04\/gallery_servizi_DSC9620-400x340.jpg\" class=\"attachment-medium size-medium\" alt=\"Hotel Nord Est Cattolica palestra\" \/><\/a>\n\t\t\t<\/div><\/figure><figure class='gallery-item'>\n\t\t\t<div class='gallery-icon landscape'>\n\t\t\t\t<a href='https:\/\/www.hotelnordest.com\/fr\/services\/gallery_servizi_dsc9623-2\/' data-size=\"1440x891\"><img loading=\"lazy\" decoding=\"async\" width=\"400\" height=\"340\" src=\"https:\/\/www.hotelnordest.com\/wp-content\/uploads\/2019\/04\/gallery_servizi_DSC9623-400x340.jpg\" class=\"attachment-medium size-medium\" alt=\"Hotel Nord Est Cattolica biliardo ping pong\" \/><\/a>\n\t\t\t<\/div><\/figure><figure class='gallery-item'>\n\t\t\t<div class='gallery-icon landscape'>\n\t\t\t\t<a href='https:\/\/www.hotelnordest.com\/fr\/services\/gallery_servizi_dsc0795-3-2\/' data-size=\"1440x890\"><img loading=\"lazy\" decoding=\"async\" width=\"400\" height=\"340\" src=\"https:\/\/www.hotelnordest.com\/wp-content\/uploads\/2019\/04\/gallery_servizi_DSC0795-3-400x340.jpg\" class=\"attachment-medium size-medium\" alt=\"Hotel Nord Est Cattolica 4 stelle sul mare\" \/><\/a>\n\t\t\t<\/div><\/figure><figure class='gallery-item'>\n\t\t\t<div class='gallery-icon landscape'>\n\t\t\t\t<a href='https:\/\/www.hotelnordest.com\/fr\/services\/gallery_servizi_dsc9320-2\/' data-size=\"1440x816\"><img loading=\"lazy\" decoding=\"async\" width=\"400\" height=\"340\" src=\"https:\/\/www.hotelnordest.com\/wp-content\/uploads\/2019\/04\/gallery_servizi_DSC9320-400x340.jpg\" class=\"attachment-medium size-medium\" alt=\"Hotel Nord Est Cattolica Hall\" \/><\/a>\n\t\t\t<\/div><\/figure>\n\t\t<\/div>\n\n","protected":false},"excerpt":{"rendered":"<p>H\u00f4tel avec parking et garage\u2026 Ici vous avez de nombreux services disponibles, pour un v\u00e9ritable s\u00e9jour plein de confort: Sur la mer avec acc\u00e8s direct \u00e0 la plage et au centre de la promenade de Via Carducci. Compl\u00e8tement climatis\u00e9 chaud et froid. Chambres confortables avec climatisation, salle de bains, s\u00e8che-cheveux, t\u00e9l\u00e9phone, minibar, TV-sat, coffre-fort et balcon. Restaurant climatis\u00e9 avec vue panoramique sur la mer. Riches menus au choix, \u00e0 base &#8230;<\/p>\n","protected":false},"author":1,"featured_media":0,"parent":0,"menu_order":0,"comment_status":"closed","ping_status":"closed","template":"","meta":{"_acf_changed":false},"class_list":["post-2380","page","type-page","status-publish","hentry"],"acf":[],"_links":{"self":[{"href":"https:\/\/www.hotelnordest.com\/fr\/wp-json\/wp\/v2\/pages\/2380","targetHints":{"allow":["GET"]}}],"collection":[{"href":"https:\/\/www.hotelnordest.com\/fr\/wp-json\/wp\/v2\/pages"}],"about":[{"href":"https:\/\/www.hotelnordest.com\/fr\/wp-json\/wp\/v2\/types\/page"}],"author":[{"embeddable":true,"href":"https:\/\/www.hotelnordest.com\/fr\/wp-json\/wp\/v2\/users\/1"}],"replies":[{"embeddable":true,"href":"https:\/\/www.hotelnordest.com\/fr\/wp-json\/wp\/v2\/comments?post=2380"}],"version-history":[{"count":0,"href":"https:\/\/www.hotelnordest.com\/fr\/wp-json\/wp\/v2\/pages\/2380\/revisions"}],"wp:attachment":[{"href":"https:\/\/www.hotelnordest.com\/fr\/wp-json\/wp\/v2\/media?parent=2380"}],"curies":[{"name":"wp","href":"https:\/\/api.w.org\/{rel}","templated":true}]}}