{"id":2357,"date":"2018-08-30T10:09:57","date_gmt":"2018-08-30T08:09:57","guid":{"rendered":"https:\/\/www.hotelnordest.com\/pagina-di-esempio\/"},"modified":"2019-08-29T17:37:29","modified_gmt":"2019-08-29T15:37:29","slug":"pagina-di-esempio","status":"publish","type":"page","link":"https:\/\/www.hotelnordest.com\/fr\/","title":{"rendered":"Nord Est: 4 \u00e9toiles Cattolica sur la mer avec piscine"},"content":{"rendered":"<h2>Bienvenue dans le Hotel Nord Est<\/h2>\n<p>L\u2019Hotel Nord Est****, sul la mer, vuos la commedit\u00e9 d\u2019acc\u00e8s direct \u00e0 la plage. Il est situ\u00e9 au centre de l\u2019agr\u00e9ble promenade du soir de la rue Carducci.<br \/>\nDirig\u00e9 avec soin et professionnalit\u00e9.<\/p>\n<p><strong>Ouvert de mai \u00e0\u00a0<span id=\"result_box\" class=\"short_text\" lang=\"fr\"><span class=\"\">septembre<\/span><\/span>.<\/strong><\/p>\n<h3><mark>Nous vous attendons pour vos prochaines vacances en bord de mer \u00e0 Cattolica!<\/mark><\/h3>\n","protected":false},"excerpt":{"rendered":"<p>Bienvenue dans le Hotel Nord Est L\u2019Hotel Nord Est****, sul la mer, vuos la commedit\u00e9 d\u2019acc\u00e8s direct \u00e0 la plage. Il est situ\u00e9 au centre de l\u2019agr\u00e9ble promenade du soir de la rue Carducci. Dirig\u00e9 avec soin et professionnalit\u00e9. Ouvert de mai \u00e0\u00a0septembre. Nous vous attendons pour vos prochaines vacances en bord de mer \u00e0 Cattolica!<\/p>\n","protected":false},"author":1,"featured_media":0,"parent":0,"menu_order":0,"comment_status":"closed","ping_status":"closed","template":"","meta":{"_acf_changed":false},"class_list":["post-2357","page","type-page","status-publish","hentry"],"acf":[],"_links":{"self":[{"href":"https:\/\/www.hotelnordest.com\/fr\/wp-json\/wp\/v2\/pages\/2357","targetHints":{"allow":["GET"]}}],"collection":[{"href":"https:\/\/www.hotelnordest.com\/fr\/wp-json\/wp\/v2\/pages"}],"about":[{"href":"https:\/\/www.hotelnordest.com\/fr\/wp-json\/wp\/v2\/types\/page"}],"author":[{"embeddable":true,"href":"https:\/\/www.hotelnordest.com\/fr\/wp-json\/wp\/v2\/users\/1"}],"replies":[{"embeddable":true,"href":"https:\/\/www.hotelnordest.com\/fr\/wp-json\/wp\/v2\/comments?post=2357"}],"version-history":[{"count":0,"href":"https:\/\/www.hotelnordest.com\/fr\/wp-json\/wp\/v2\/pages\/2357\/revisions"}],"wp:attachment":[{"href":"https:\/\/www.hotelnordest.com\/fr\/wp-json\/wp\/v2\/media?parent=2357"}],"curies":[{"name":"wp","href":"https:\/\/api.w.org\/{rel}","templated":true}]}}