{"id":2523,"date":"2017-01-19T15:59:32","date_gmt":"2017-01-19T14:59:32","guid":{"rendered":"https:\/\/www.hotelnordest.com\/privacy\/"},"modified":"2019-06-03T12:28:11","modified_gmt":"2019-06-03T10:28:11","slug":"privacy","status":"publish","type":"page","link":"https:\/\/www.hotelnordest.com\/de\/privacy\/","title":{"rendered":"Privacy"},"content":{"rendered":"<p><strong>DATENSCHUTZERKL\u00c4RUNG<\/strong><\/p>\n<p>Auf dieser Seite werden gem\u00e4\u00df EU-Verordnung 2016\/679 (nachfolgend \u201eVerordnung\u201c genannt) die Modalit\u00e4ten f\u00fcr die Verarbeitung der personenbezogenen Daten der Benutzer genannt, die die telematisch aufrufbaren Internetseiten besuchen.<br \/>\nDie vorliegenden Informationen gelten nicht f\u00fcr andere Websites, Seiten oder Online-Services, die \u00fcber eventuell auf der Internetseite ver\u00f6ffentlichte Hypertext-Links aufgerufen werden k\u00f6nnen, sich aber auf externe Betreiber beziehen, die nichts mit der vorliegenden Domain zu tun haben.<br \/>\nEs wird darauf hingewiesen, dass die Datenschutzerkl\u00e4rung sich infolge der Einf\u00fchrung neuer Dienstleistungen oder Gesetzesaktualisierungen \u00e4ndern k\u00f6nnte. Daher werden die Benutzer gebeten, sich regelm\u00e4\u00dfig auf der oben genannten Internetseite \u00fcber eventuelle Neuerungen zu informieren. Auf der vorliegenden Seite werden die Modalit\u00e4ten der Verarbeitung personenbezogener Daten der Benutzer beschrieben, die die Internetseite aufrufen. Die Erkl\u00e4rung wird auch im Sinne von Art. 13 der EU-Verordnung \u00fcber den Schutz der betroffenen Personen in Bezug auf die Verarbeitung personenbezogener Daten abgegeben und betrifft alle Benutzer, die die telematisch \u00fcber die Adresse <strong>nordest@hotelnordest.com<\/strong> zug\u00e4nglichen Webdienste von <strong>Adriatica Sole Mare S.R.L<\/strong>. verwenden. Eventuelle weitere Modalit\u00e4ten der Datenverarbeitung werden in der entsprechenden Datenschutzerkl\u00e4rung bzw. Cookie Policy auf der offiziellen Startseite <strong>https:\/\/www.hotelnordest.com<\/strong> genannt.<br \/>\nDie vorliegende Datenschutzerkl\u00e4rung gilt nur f\u00fcr die Internetseite von Adriatica Sole Mare S.R.L. und nicht f\u00fcr andere Websites, die eventuell per Link vom Benutzer aufgerufen werden. Sie basiert auch auf der Empfehlung Nr. 2\/2001 vom 17. Mai 2001 der per Art. 29, Richtlinie Nr. 95\/46\/EU eingesetzten Gruppe der europ\u00e4ischen Datenschutzbeh\u00f6rden in Bezug auf einige Mindestanforderungen f\u00fcr die Online-Erhebung personenbezogener Daten, sowie insbesondere auf die Modalit\u00e4ten, Speicherfristen und Arten der Informationen, die die Verantwortlichen der Datenverarbeitung den Benutzern beim Aufrufen von Internetseiten mitteilen m\u00fcssen, unabh\u00e4ngig von dem Zweck, zu dem dies geschieht.<\/p>\n<p><strong>VERANTWORTLICHER DER DATENVERARBEITUNG<\/strong><br \/>\nIm Zusammenhang mit dem Besuch dieser Internetseite k\u00f6nnen Daten verarbeitet werden, die sich auf identifizierte bzw. identifizierbare Personen beziehen.<br \/>\n\u201eVerantwortlicher\u201c f\u00fcr ihre Verarbeitung ist <strong>Adriatica Sole Mare S.R.L<\/strong>. mit Rechtssitz in\u00a0<strong>Via Giosu\u00e8 Carducci , n. 60, CAP 47841, Citt\u00e0 Cattolica C.F. e P. IVA 03107030409.<\/strong><\/p>\n<p><strong>RECHTSGRUNDLAGE DER VERARBEITUNG<\/strong><br \/>\nDie \u00fcber diese Internetseite erhobenen personenbezogenen Daten werden von Adriatica Sole Mare S.R.L. f\u00fcr die Aus\u00fcbung ihrer T\u00e4tigkeiten verwendet. Die Rechtsgrundlagen, auf deren Basis die Daten auf der genannten Internetseite verarbeitet werden, sind Einwilligung, Vertragsdurchf\u00fchrung, Erf\u00fcllung gesetzlicher Pflichten sowie Verfolgung eines berechtigten Interesses.<\/p>\n<p><strong>ORT DER DATENVERARBEITUNG<\/strong><br \/>\nDie mit den Webdiensten auf dieser Internetseite zusammenh\u00e4ngende Datenverarbeitung erfolgt in Italien bei der Serverfarm Xt System, Via Macanno 38\/n, 47924 Rimini, die Dienstleister von Edita srl mit Rechtssitz in Via Flaminia 138, 47923 Rimini (Italien) sind.<br \/>\nDie Verarbeitung von Daten im Zusammenhang mit der Verwaltung und Pflege der Internetseite erfolgt durch Edita srl als Auftragsverarbeiter (Art. 28 DSGVO). Edita srl ist eine Webagentur, die f\u00fcr die Einhaltung der DSGVO garantiert.<\/p>\n<p><strong>ART DER VERARBEITETEN DATEN UND ZWECK DER DATENVERARBEITUNG<\/strong><br \/>\n<strong>Navigationsdaten<\/strong><br \/>\nDie f\u00fcr die Verwaltung dieser Internetseite genutzten Informatiksysteme und Softwareprozeduren erfassen w\u00e4hrend ihres normalen Betriebs einige personenbezogene Daten, die bei der Nutzung der Internet-Kommunikationsprotokolle implizit \u00fcbertragen werden.<br \/>\nZu dieser Datenkategorie geh\u00f6ren die IP-Adressen oder Domain-Namen der Computer und Terminals, die von den Benutzern verwendet werden, die URI-\/URL-Adressen (Uniform Resource Identifier\/Locator) der angeforderten Ressourcen, die Uhrzeit der Anfrage, die Anfragemethode beim Server, die Gr\u00f6\u00dfe der Antwortdatei, der numerische Code f\u00fcr die Statusanzeige der Serverantwort (erfolgreich, Fehler usw.) und sonstige Parameter des Betriebssystems und der Informatikumgebung des Benutzers.<br \/>\nDiese f\u00fcr die Verwendung der Webdienste notwendigen Daten werden zu folgenden Zwecken gesammelt:<br \/>\n&#8211; Erhebung statistischer Informationen \u00fcber die Nutzung der Dienste (meistbesuchte Seiten, Anzahl der Benutzer je Stunde oder Tag, geographische Herkunft usw.);<br \/>\n&#8211; Kontrolle des korrekten Betriebs der angebotenen Dienstleistungen.<\/p>\n<p><strong>Vom Benutzer mitgeteilte Daten<\/strong><br \/>\nDie freiwillige und ausdr\u00fcckliche \u00dcbersendung von Nachrichten an die Kontaktadressen von\u00a0<strong>Adriatica Sole Mare S.R.L.<\/strong>, sowie das Ausf\u00fcllen und Absenden der auf der Internetseite <strong>https:\/\/www.hotelnordest.com<\/strong> vorhandenen Formulare haben die Erfassung der f\u00fcr die Beantwortung notwendigen Kontaktdaten des Absenders zur Folge, ebenso wie aller anderen in der Mitteilung enthaltenen personenbezogenen Daten.<br \/>\nZur Bereitstellung bestimmter Dienste werden auf den einzelnen Seiten von <strong>https:\/\/www.hotelnordest.com <\/strong>spezifische Datenschutzerkl\u00e4rungen angezeigt.<\/p>\n<p><strong>Navigationsdaten<\/strong><br \/>\nDiese Daten werden lediglich zur Erhebung anonymer statistischer Angaben \u00fcber die Nutzung der Internetseite und zur Kontrolle ihrer korrekten Betriebsweise verwendet und sofort nach ihrer Verarbeitung gel\u00f6scht. Die automatisch erfassten Informationen k\u00f6nnen von<strong> Adriatica Sole Mare S.R.L<\/strong>. f\u00fcr die Feststellung einer Haftung bei eventuellen IT-Delikten gegen die Internetseite verwendet werden, sowie zu statistischen Zwecken und zur Verbesserung der Nutzung und Inhalte der Internetseite. Die eventuell mit Hilfe von Cookies erfassten Daten werden ausf\u00fchrlich im Dokument \u201eCookie Policy\u201c beschrieben.<\/p>\n<p>Freiwillig vom Benutzer mitgeteilte Daten<br \/>\nDie freiwillige und ausdr\u00fcckliche \u00dcbersendung von Daten \u00fcber ausgef\u00fcllte Formulare (form) oder E-Mails an die auf dieser Internetseite genannten E-Mail-Adressen hat die Erfassung der f\u00fcr die Beantwortung notwendigen Adresse des Absenders zur Folge, ebenso wie eventueller anderer in der Mitteilung enthaltener personenbezogener Daten. Es wird darauf hingewiesen, dass die personenbezogenen bzw. Firmendaten, die in die Formulare der Internetseite <strong>https:\/\/www.hotelnordest.com<\/strong> eingetragen werden, von <strong>Adriatica Sole Mare S.R.L<\/strong>. gesch\u00fctzt und ausschlie\u00dflich f\u00fcr die Beantwortung der gestellten Informations- oder Dienstleistungsanfrage verwendet werden.<\/p>\n<p><strong>FREIWILLIGKEIT DER DATENMITTEILUNG<\/strong><br \/>\nAbgesehen von den oben beschriebenen Navigationsdaten steht es dem Benutzer frei, die in den Anfrageformularen an <strong>Adriatica Sole Mare S.R.L<\/strong>. geforderten personenbezogenen Daten zu liefern. Immer wenn die Angabe dieser Daten erforderlich ist, erscheint eine spezifische Datenschutzerkl\u00e4rung, in die eingewilligt werden muss.<\/p>\n<p><strong>MODALIT\u00c4TEN DER DATENVERARBEITUNG<\/strong><br \/>\nDie personenbezogenen Daten werden mit automatisierten Mitteln lediglich f\u00fcr den Zeitraum verarbeitet, der zur Erf\u00fcllung des Zwecks ihrer Erhebung unbedingt notwendig ist. Es werden spezielle Sicherheitsma\u00dfnahmen eingehalten, um den Verlust sowie die rechtswidrige oder unrechtm\u00e4\u00dfige Nutzung der Daten ebenso wie nicht autorisierte Zugriffe zu vermeiden. Wir m\u00f6chten die Benutzer dar\u00fcber informieren, dass unsere Internetseite Links zu anderen Websites von Drittbetreibern enth\u00e4lt, um eine umfassende Dienstleistung anzubieten. Jegliche Haftung f\u00fcr Fehler, Inhalte, Cookies, unmoralische oder rechtswidrige Ver\u00f6ffentlichungen, Werbung, Banner oder gegen die geltenden Bestimmungen und Datenschutzvorschriften versto\u00dfende Dateien auf nicht von uns betriebenen Internetseiten wird abgelehnt.<\/p>\n<p><strong>EMPF\u00c4NGER DER DATEN<\/strong><br \/>\nEmpf\u00e4nger der Daten, die beim Besuch der oben genannten Internetseiten erfasst wurden, sind folgende Auftragsverarbeiter, die gem\u00e4\u00df Artikel 28 der Datenschutzverordnung von <strong>Adriatica Sole Mare S.R.L.<\/strong> ernannt wurden:<br \/>\n-EDITA als Erbringer von Diensten im Zusammenhang mit der Entwicklung und Pflege der Web-Plattform;<br \/>\n-EDITA als Erbringer von Diensten im Zusammenhang mit der Entwicklung, der Bereitstellung und dem Betrieb der f\u00fcr die Internetseite verwendeten technologischen Plattformen.<br \/>\nDie erfassten personenbezogenen Daten werden au\u00dferdem von Angestellten von <strong>Adriatica Sole Mare S.R.L<\/strong>. verarbeitet, die in Bezug auf Zweck und Modalit\u00e4ten der Verarbeitung spezifisch unterrichtet wurden.<\/p>\n<p><strong>DATEN\u00dcBERMITTLUNG INS AUSLAND<\/strong><br \/>\nDrittl\u00e4nder: Die Daten werden nicht an Drittl\u00e4nder \u00fcbermittelt.<\/p>\n<p><strong>RECHTE DER BETROFFENEN PERSONEN<\/strong><br \/>\nSie haben jederzeit das Recht, vom Verantwortlichen der Datenverarbeitung die L\u00f6schung (evtl. Recht auf Vergessenwerden), die Einschr\u00e4nkung, die Aktualisierung, die Berichtigung und die \u00dcbertragbarkeit Sie betreffender Daten zu verlangen und Widerspruch gegen deren Verarbeitung einzulegen, sowie im Allgemeinen alle Rechte gem\u00e4\u00df Art. 15, 16, 17, 18, 19, 20, 21 und 22 der DSGVO auszu\u00fcben, sofern sie auf die Zwecke der Datenverarbeitung anwendbar sind.<br \/>\nEU-Verordnung 2016\/679: Artikel 15, 16, 17, 18, 19, 20, 21 und 22<br \/>\n1. Die betroffene Person hat das Recht auf Auskunft dar\u00fcber, ob sie betreffende personenbezogene Daten vorhanden sind, auch dann, wenn diese noch nicht gespeichert sind, ebenso wie das Recht auf eine \u00dcbermittlung der genannten Daten in verst\u00e4ndlicher Form.<br \/>\n2. Die betroffene Person hat das Recht auf Auskunft \u00fcber:<br \/>\na. die Herkunft der personenbezogenen Daten;<br \/>\nb. den Zweck und die Modalit\u00e4ten der Verarbeitung;<br \/>\nc. das angewandte System bei einer elektronischen Verarbeitung der Daten;<br \/>\nd. die wichtigsten Daten zur Identifizierung des Verantwortlichen, der Auftragsverarbeiter und des gem\u00e4\u00df Artikel 5, Absatz zwei ernannten Vertreters;<br \/>\ne. die Personen oder Kategorien von Personen, denen die personenbezogenen Daten \u00fcbermittelt werden k\u00f6nnen oder die als auf dem Staatsgebiet ernannte Vertreter, Auftragsverarbeiter oder Beauftragte davon Kenntnis erlangen k\u00f6nnen.<br \/>\n3. Die betroffene Person hat das Recht:<br \/>\na. die Aktualisierung, die Berichtigung oder, sofern interessiert, die Erg\u00e4nzung der Daten zu verlangen;<br \/>\nb. zu verlangen, dass widerrechtlich verarbeitete Daten gel\u00f6scht, anonymisiert oder gesperrt werden; dies gilt auch f\u00fcr Daten, deren Aufbewahrung f\u00fcr die Zwecke ihrer Erhebung oder sp\u00e4teren Verarbeitung nicht notwendig ist;<br \/>\nc. eine Best\u00e4tigung dar\u00fcber zu erhalten, dass die unter den Buchstaben a) und b) genannten Vorg\u00e4nge auch in Bezug auf ihren Inhalt jenen mitgeteilt wurden, denen die Daten \u00fcbermittelt oder bei denen sie verbreitet wurden, sofern sich dies nicht als unm\u00f6glich erweist oder der Aufwand an Mitteln im Verh\u00e4ltnis zum gesch\u00fctzten Recht unvertretbar gro\u00df w\u00e4re;<br \/>\nd. die \u00dcbertragbarkeit der Daten zu verlangen.<br \/>\n4. Die betroffene Person hat das Recht, sich ganz oder teilweise:<br \/>\na. der Verarbeitung sie betreffender personenbezogener Daten aus berechtigten Gr\u00fcnden zu widersetzen, auch wenn sie dem Zweck ihrer Erfassung entsprechen;<br \/>\nb. der Verarbeitung sie betreffender personenbezogener Daten zu widersetzen, wenn diese zum Versand von Werbematerial, zum Direktverkauf, zur Markt- bzw. Meinungsforschung oder zur Handelsinformation erfolgt.<\/p>\n<p><strong>BESCHWERDERECHT<\/strong><br \/>\nFalls eine betroffene Person der Ansicht ist, dass die auf dieser Internetseite durchgef\u00fchrte Verarbeitung sie betreffender Daten gegen die Bestimmungen der Verordnung verst\u00f6\u00dft, hat sie gem\u00e4\u00df Art. 77 derselben das Recht, bei der Datenschutzaufsichtsbeh\u00f6rde Beschwerde einzulegen oder gerichtlich vorzugehen (Art. 79 der Verordnung).<\/p>\n<p>Wir m\u00f6chten Sie daran erinnern, dass Sie sich zur Aus\u00fcbung Ihrer Rechte, f\u00fcr den Widerruf der geleisteten Einwilligung sowie f\u00fcr jede Art von Fragen oder Antr\u00e4gen in Bezug auf Ihre personenbezogenen Daten und den Datenschutz jederzeit schriftlich unter der Adresse <strong>nordest@hotelnordest.com<\/strong> an den Verantwortlichen der Datenverarbeitung wenden k\u00f6nnen.<\/p>\n","protected":false},"excerpt":{"rendered":"<p>DATENSCHUTZERKL\u00c4RUNG Auf dieser Seite werden gem\u00e4\u00df EU-Verordnung 2016\/679 (nachfolgend \u201eVerordnung\u201c genannt) die Modalit\u00e4ten f\u00fcr die Verarbeitung der personenbezogenen Daten der Benutzer genannt, die die telematisch aufrufbaren Internetseiten besuchen. Die vorliegenden Informationen gelten nicht f\u00fcr andere Websites, Seiten oder Online-Services, die \u00fcber eventuell auf der Internetseite ver\u00f6ffentlichte Hypertext-Links aufgerufen werden k\u00f6nnen, sich aber auf externe Betreiber beziehen, die nichts mit der vorliegenden Domain zu tun haben. Es wird darauf hingewiesen, dass &#8230;<\/p>\n","protected":false},"author":1,"featured_media":0,"parent":0,"menu_order":0,"comment_status":"closed","ping_status":"closed","template":"","meta":{"_acf_changed":false},"class_list":["post-2523","page","type-page","status-publish","hentry"],"acf":[],"_links":{"self":[{"href":"https:\/\/www.hotelnordest.com\/de\/wp-json\/wp\/v2\/pages\/2523","targetHints":{"allow":["GET"]}}],"collection":[{"href":"https:\/\/www.hotelnordest.com\/de\/wp-json\/wp\/v2\/pages"}],"about":[{"href":"https:\/\/www.hotelnordest.com\/de\/wp-json\/wp\/v2\/types\/page"}],"author":[{"embeddable":true,"href":"https:\/\/www.hotelnordest.com\/de\/wp-json\/wp\/v2\/users\/1"}],"replies":[{"embeddable":true,"href":"https:\/\/www.hotelnordest.com\/de\/wp-json\/wp\/v2\/comments?post=2523"}],"version-history":[{"count":0,"href":"https:\/\/www.hotelnordest.com\/de\/wp-json\/wp\/v2\/pages\/2523\/revisions"}],"wp:attachment":[{"href":"https:\/\/www.hotelnordest.com\/de\/wp-json\/wp\/v2\/media?parent=2523"}],"curies":[{"name":"wp","href":"https:\/\/api.w.org\/{rel}","templated":true}]}}