{"id":2359,"date":"2019-04-02T15:52:23","date_gmt":"2019-04-02T13:52:23","guid":{"rendered":"https:\/\/www.hotelnordest.com\/servizi\/"},"modified":"2019-05-31T12:55:22","modified_gmt":"2019-05-31T10:55:22","slug":"bedienungen","status":"publish","type":"page","link":"https:\/\/www.hotelnordest.com\/de\/bedienungen\/","title":{"rendered":"Viele andere 4-Sterne-Einrichtungen!"},"content":{"rendered":"<h2>Hotel mit Parkplatz und Garage<\/h2>\n<div class=\"row row-columns\">\n<div class=\"col-sm-6\">\n<ul>\n<li>Geheizter Swimmingpool mit Unterwassermassage, Gegenstr\u00f6mung \u2013 Schwimmen und Geyser<\/li>\n<li>Fitnessraum, Sauna, Sonnenterrasse, UVA \u2013 Solarium.<\/li>\n<li>Fahrr\u00e4der f\u00fcr Ausfl\u00fcge und Shopping<\/li>\n<li>Privatparkplatz<\/li>\n<li>Kinderspielraum<\/li>\n<li>Fernsehraum<\/li>\n<li>W\u00e4scherei und B\u00fcgelei<\/li>\n<li>Tennisplatz<\/li>\n<li>Internet point und Wi-Fi im ganzen Hotel<\/li>\n<\/ul>\n<\/div>\n<\/div>\n<div id='gallery-1' class='gallery galleryid-2359 gallery-columns-3 gallery-size-medium'><figure class='gallery-item'>\n\t\t\t<div class='gallery-icon landscape'>\n\t\t\t\t<a href='https:\/\/www.hotelnordest.com\/de\/bedienungen\/gallery_servizi_img_3846-2\/' data-size=\"1440x960\"><img loading=\"lazy\" decoding=\"async\" width=\"400\" height=\"340\" src=\"https:\/\/www.hotelnordest.com\/wp-content\/uploads\/2019\/04\/gallery_servizi_IMG_3846-400x340.jpg\" class=\"attachment-medium size-medium\" alt=\"Hotel Nord Est Cattolica Bar\" \/><\/a>\n\t\t\t<\/div><\/figure><figure class='gallery-item'>\n\t\t\t<div class='gallery-icon landscape'>\n\t\t\t\t<a href='https:\/\/www.hotelnordest.com\/de\/bedienungen\/gallery_servizi_img_3828-2\/' data-size=\"1440x960\"><img loading=\"lazy\" decoding=\"async\" width=\"400\" height=\"340\" src=\"https:\/\/www.hotelnordest.com\/wp-content\/uploads\/2019\/04\/gallery_servizi_IMG_3828-400x340.jpg\" class=\"attachment-medium size-medium\" alt=\"Hotel Nord Est Cattolica Hall\" \/><\/a>\n\t\t\t<\/div><\/figure><figure class='gallery-item'>\n\t\t\t<div class='gallery-icon landscape'>\n\t\t\t\t<a href='https:\/\/www.hotelnordest.com\/de\/bedienungen\/gallery_servizi_img_3827-2\/' data-size=\"1440x960\"><img loading=\"lazy\" decoding=\"async\" width=\"400\" height=\"340\" src=\"https:\/\/www.hotelnordest.com\/wp-content\/uploads\/2019\/04\/gallery_servizi_IMG_3827-400x340.jpg\" class=\"attachment-medium size-medium\" alt=\"Hotel Nord Est Cattolica Bar\" \/><\/a>\n\t\t\t<\/div><\/figure><figure class='gallery-item'>\n\t\t\t<div class='gallery-icon landscape'>\n\t\t\t\t<a href='https:\/\/www.hotelnordest.com\/de\/bedienungen\/gallery_servizi_img_3826-2\/' data-size=\"1440x960\"><img loading=\"lazy\" decoding=\"async\" width=\"400\" height=\"340\" src=\"https:\/\/www.hotelnordest.com\/wp-content\/uploads\/2019\/04\/gallery_servizi_IMG_3826-400x340.jpg\" class=\"attachment-medium size-medium\" alt=\"Hotel Nord Est Cattolica Bar Hall\" \/><\/a>\n\t\t\t<\/div><\/figure><figure class='gallery-item'>\n\t\t\t<div class='gallery-icon landscape'>\n\t\t\t\t<a href='https:\/\/www.hotelnordest.com\/de\/bedienungen\/gallery_servizi_img_3825-2\/' data-size=\"1440x960\"><img loading=\"lazy\" decoding=\"async\" width=\"400\" height=\"340\" src=\"https:\/\/www.hotelnordest.com\/wp-content\/uploads\/2019\/04\/gallery_servizi_IMG_3825-400x340.jpg\" class=\"attachment-medium size-medium\" alt=\"Hotel Nord Est Cattolica Hall Spazi comuni\" \/><\/a>\n\t\t\t<\/div><\/figure><figure class='gallery-item'>\n\t\t\t<div class='gallery-icon landscape'>\n\t\t\t\t<a href='https:\/\/www.hotelnordest.com\/de\/bedienungen\/gallery_servizi_img_3824-2\/' data-size=\"1440x960\"><img loading=\"lazy\" decoding=\"async\" width=\"400\" height=\"340\" src=\"https:\/\/www.hotelnordest.com\/wp-content\/uploads\/2019\/04\/gallery_servizi_IMG_3824-400x340.jpg\" class=\"attachment-medium size-medium\" alt=\"Hotel Nord Est Cattolica Reception\" \/><\/a>\n\t\t\t<\/div><\/figure><figure class='gallery-item'>\n\t\t\t<div class='gallery-icon landscape'>\n\t\t\t\t<a href='https:\/\/www.hotelnordest.com\/de\/bedienungen\/gallery_servizi_img_3823-2\/' data-size=\"1440x960\"><img loading=\"lazy\" decoding=\"async\" width=\"400\" height=\"340\" src=\"https:\/\/www.hotelnordest.com\/wp-content\/uploads\/2019\/04\/gallery_servizi_IMG_3823-400x340.jpg\" class=\"attachment-medium size-medium\" alt=\"Hotel Nord Est Cattolica Hall Reception\" \/><\/a>\n\t\t\t<\/div><\/figure><figure class='gallery-item'>\n\t\t\t<div class='gallery-icon landscape'>\n\t\t\t\t<a href='https:\/\/www.hotelnordest.com\/de\/bedienungen\/gallery_servizi_img_3845-2\/' data-size=\"1440x960\"><img loading=\"lazy\" decoding=\"async\" width=\"400\" height=\"340\" src=\"https:\/\/www.hotelnordest.com\/wp-content\/uploads\/2019\/04\/gallery_servizi_IMG_3845-400x340.jpg\" class=\"attachment-medium size-medium\" alt=\"Hotel Nord Est Cattolica HALL\" \/><\/a>\n\t\t\t<\/div><\/figure><figure class='gallery-item'>\n\t\t\t<div class='gallery-icon landscape'>\n\t\t\t\t<a href='https:\/\/www.hotelnordest.com\/de\/bedienungen\/gallery_servizi_img_3750-2\/' data-size=\"1440x960\"><img loading=\"lazy\" decoding=\"async\" width=\"400\" height=\"340\" src=\"https:\/\/www.hotelnordest.com\/wp-content\/uploads\/2019\/04\/gallery_servizi_IMG_3750-400x340.jpg\" class=\"attachment-medium size-medium\" alt=\"Hotel 4 stelle Cattolica con palestra\" \/><\/a>\n\t\t\t<\/div><\/figure><figure class='gallery-item'>\n\t\t\t<div class='gallery-icon landscape'>\n\t\t\t\t<a href='https:\/\/www.hotelnordest.com\/de\/bedienungen\/gallery_servizi_img_3747-2\/' data-size=\"1440x960\"><img loading=\"lazy\" decoding=\"async\" width=\"400\" height=\"340\" src=\"https:\/\/www.hotelnordest.com\/wp-content\/uploads\/2019\/04\/gallery_servizi_IMG_3747-400x340.jpg\" class=\"attachment-medium size-medium\" alt=\"Hotel Cattolica con Palestra\" \/><\/a>\n\t\t\t<\/div><\/figure><figure class='gallery-item'>\n\t\t\t<div class='gallery-icon landscape'>\n\t\t\t\t<a href='https:\/\/www.hotelnordest.com\/de\/bedienungen\/gallery_servizi_img_3749-2\/' data-size=\"1440x960\"><img loading=\"lazy\" decoding=\"async\" width=\"400\" height=\"340\" src=\"https:\/\/www.hotelnordest.com\/wp-content\/uploads\/2019\/04\/gallery_servizi_IMG_3749-400x340.jpg\" class=\"attachment-medium size-medium\" alt=\"Hotel Cattolica con attrezzi palestra\" \/><\/a>\n\t\t\t<\/div><\/figure><figure class='gallery-item'>\n\t\t\t<div class='gallery-icon portrait'>\n\t\t\t\t<a href='https:\/\/www.hotelnordest.com\/de\/bedienungen\/gallery_servizi_dsc0784-2\/' data-size=\"958x1440\"><img loading=\"lazy\" decoding=\"async\" width=\"400\" height=\"340\" src=\"https:\/\/www.hotelnordest.com\/wp-content\/uploads\/2019\/04\/gallery_servizi_DSC0784-400x340.jpg\" class=\"attachment-medium size-medium\" alt=\"Hotel Cattolica sul mare\" \/><\/a>\n\t\t\t<\/div><\/figure><figure class='gallery-item'>\n\t\t\t<div class='gallery-icon portrait'>\n\t\t\t\t<a href='https:\/\/www.hotelnordest.com\/de\/bedienungen\/gallery_servizi_img_3862-2\/' data-size=\"960x1440\"><img loading=\"lazy\" decoding=\"async\" width=\"400\" height=\"340\" src=\"https:\/\/www.hotelnordest.com\/wp-content\/uploads\/2019\/04\/gallery_servizi_IMG_3862-400x340.jpg\" class=\"attachment-medium size-medium\" alt=\"Hotel Cattolica vicino alla spiaggia\" \/><\/a>\n\t\t\t<\/div><\/figure><figure class='gallery-item'>\n\t\t\t<div class='gallery-icon portrait'>\n\t\t\t\t<a href='https:\/\/www.hotelnordest.com\/de\/bedienungen\/gallery_servizi_dsc0797-2\/' data-size=\"998x1440\"><img loading=\"lazy\" decoding=\"async\" width=\"400\" height=\"340\" src=\"https:\/\/www.hotelnordest.com\/wp-content\/uploads\/2019\/04\/gallery_servizi_DSC0797-400x340.jpg\" class=\"attachment-medium size-medium\" alt=\"Hotel Cattolica quattro stelle\" \/><\/a>\n\t\t\t<\/div><\/figure><figure class='gallery-item'>\n\t\t\t<div class='gallery-icon landscape'>\n\t\t\t\t<a href='https:\/\/www.hotelnordest.com\/de\/bedienungen\/gallery_servizi_dsc9353-2\/' data-size=\"1440x958\"><img loading=\"lazy\" decoding=\"async\" width=\"400\" height=\"340\" src=\"https:\/\/www.hotelnordest.com\/wp-content\/uploads\/2019\/04\/gallery_servizi_DSC9353-400x340.jpg\" class=\"attachment-medium size-medium\" alt=\"Hotel Nord Est Cattolica Hall\" \/><\/a>\n\t\t\t<\/div><\/figure><figure class='gallery-item'>\n\t\t\t<div class='gallery-icon landscape'>\n\t\t\t\t<a href='https:\/\/www.hotelnordest.com\/de\/bedienungen\/gallery_servizi_dsc9571-2\/' data-size=\"1440x777\"><img loading=\"lazy\" decoding=\"async\" width=\"400\" height=\"340\" src=\"https:\/\/www.hotelnordest.com\/wp-content\/uploads\/2019\/04\/gallery_servizi_DSC9571-400x340.jpg\" class=\"attachment-medium size-medium\" alt=\"Hotel 4 stelle Cattolica\" \/><\/a>\n\t\t\t<\/div><\/figure><figure class='gallery-item'>\n\t\t\t<div class='gallery-icon landscape'>\n\t\t\t\t<a href='https:\/\/www.hotelnordest.com\/de\/bedienungen\/gallery_servizi_dsc9572-2\/' data-size=\"1440x851\"><img loading=\"lazy\" decoding=\"async\" width=\"400\" height=\"340\" src=\"https:\/\/www.hotelnordest.com\/wp-content\/uploads\/2019\/04\/gallery_servizi_DSC9572-400x340.jpg\" class=\"attachment-medium size-medium\" alt=\"Hotel Nord Est Cattolica vista sul mare\" \/><\/a>\n\t\t\t<\/div><\/figure><figure class='gallery-item'>\n\t\t\t<div class='gallery-icon landscape'>\n\t\t\t\t<a href='https:\/\/www.hotelnordest.com\/de\/bedienungen\/gallery_servizi_dsc9579-2\/' data-size=\"1440x711\"><img loading=\"lazy\" decoding=\"async\" width=\"400\" height=\"340\" src=\"https:\/\/www.hotelnordest.com\/wp-content\/uploads\/2019\/04\/gallery_servizi_DSC9579-400x340.jpg\" class=\"attachment-medium size-medium\" alt=\"Hotel Nord Est Cattolica con parcheggio\" \/><\/a>\n\t\t\t<\/div><\/figure><figure class='gallery-item'>\n\t\t\t<div class='gallery-icon landscape'>\n\t\t\t\t<a href='https:\/\/www.hotelnordest.com\/de\/bedienungen\/gallery_servizi_dsc9605-2\/' data-size=\"1440x906\"><img loading=\"lazy\" decoding=\"async\" width=\"400\" height=\"340\" src=\"https:\/\/www.hotelnordest.com\/wp-content\/uploads\/2019\/04\/gallery_servizi_DSC9605-400x340.jpg\" class=\"attachment-medium size-medium\" alt=\"Hotel Nord Est Cattolica con sauna\" \/><\/a>\n\t\t\t<\/div><\/figure><figure class='gallery-item'>\n\t\t\t<div class='gallery-icon landscape'>\n\t\t\t\t<a href='https:\/\/www.hotelnordest.com\/de\/bedienungen\/gallery_servizi_dsc9620-2\/' data-size=\"1440x855\"><img loading=\"lazy\" decoding=\"async\" width=\"400\" height=\"340\" src=\"https:\/\/www.hotelnordest.com\/wp-content\/uploads\/2019\/04\/gallery_servizi_DSC9620-400x340.jpg\" class=\"attachment-medium size-medium\" alt=\"Hotel Nord Est Cattolica palestra\" \/><\/a>\n\t\t\t<\/div><\/figure><figure class='gallery-item'>\n\t\t\t<div class='gallery-icon landscape'>\n\t\t\t\t<a href='https:\/\/www.hotelnordest.com\/de\/bedienungen\/gallery_servizi_dsc9623-2\/' data-size=\"1440x891\"><img loading=\"lazy\" decoding=\"async\" width=\"400\" height=\"340\" src=\"https:\/\/www.hotelnordest.com\/wp-content\/uploads\/2019\/04\/gallery_servizi_DSC9623-400x340.jpg\" class=\"attachment-medium size-medium\" alt=\"Hotel Nord Est Cattolica biliardo ping pong\" \/><\/a>\n\t\t\t<\/div><\/figure><figure class='gallery-item'>\n\t\t\t<div class='gallery-icon landscape'>\n\t\t\t\t<a href='https:\/\/www.hotelnordest.com\/de\/bedienungen\/gallery_servizi_dsc0795-3-2\/' data-size=\"1440x890\"><img loading=\"lazy\" decoding=\"async\" width=\"400\" height=\"340\" src=\"https:\/\/www.hotelnordest.com\/wp-content\/uploads\/2019\/04\/gallery_servizi_DSC0795-3-400x340.jpg\" class=\"attachment-medium size-medium\" alt=\"Hotel Nord Est Cattolica 4 stelle sul mare\" \/><\/a>\n\t\t\t<\/div><\/figure><figure class='gallery-item'>\n\t\t\t<div class='gallery-icon landscape'>\n\t\t\t\t<a href='https:\/\/www.hotelnordest.com\/de\/bedienungen\/gallery_servizi_dsc9320-2\/' data-size=\"1440x816\"><img loading=\"lazy\" decoding=\"async\" width=\"400\" height=\"340\" src=\"https:\/\/www.hotelnordest.com\/wp-content\/uploads\/2019\/04\/gallery_servizi_DSC9320-400x340.jpg\" class=\"attachment-medium size-medium\" alt=\"Hotel Nord Est Cattolica Hall\" \/><\/a>\n\t\t\t<\/div><\/figure>\n\t\t<\/div>\n\n","protected":false},"excerpt":{"rendered":"<p>Hotel mit Parkplatz und Garage Geheizter Swimmingpool mit Unterwassermassage, Gegenstr\u00f6mung \u2013 Schwimmen und Geyser Fitnessraum, Sauna, Sonnenterrasse, UVA \u2013 Solarium. Fahrr\u00e4der f\u00fcr Ausfl\u00fcge und Shopping Privatparkplatz Kinderspielraum Fernsehraum W\u00e4scherei und B\u00fcgelei Tennisplatz Internet point und Wi-Fi im ganzen Hotel<\/p>\n","protected":false},"author":1,"featured_media":0,"parent":0,"menu_order":0,"comment_status":"closed","ping_status":"closed","template":"","meta":{"_acf_changed":false},"class_list":["post-2359","page","type-page","status-publish","hentry"],"acf":[],"_links":{"self":[{"href":"https:\/\/www.hotelnordest.com\/de\/wp-json\/wp\/v2\/pages\/2359","targetHints":{"allow":["GET"]}}],"collection":[{"href":"https:\/\/www.hotelnordest.com\/de\/wp-json\/wp\/v2\/pages"}],"about":[{"href":"https:\/\/www.hotelnordest.com\/de\/wp-json\/wp\/v2\/types\/page"}],"author":[{"embeddable":true,"href":"https:\/\/www.hotelnordest.com\/de\/wp-json\/wp\/v2\/users\/1"}],"replies":[{"embeddable":true,"href":"https:\/\/www.hotelnordest.com\/de\/wp-json\/wp\/v2\/comments?post=2359"}],"version-history":[{"count":0,"href":"https:\/\/www.hotelnordest.com\/de\/wp-json\/wp\/v2\/pages\/2359\/revisions"}],"wp:attachment":[{"href":"https:\/\/www.hotelnordest.com\/de\/wp-json\/wp\/v2\/media?parent=2359"}],"curies":[{"name":"wp","href":"https:\/\/api.w.org\/{rel}","templated":true}]}}